{"id":2,"date":"2022-02-25T13:57:33","date_gmt":"2022-02-25T13:57:33","guid":{"rendered":"https:\/\/laubegast.net\/?page_id=2"},"modified":"2025-04-14T17:29:52","modified_gmt":"2025-04-14T17:29:52","slug":"sample-page","status":"publish","type":"page","link":"https:\/\/laubegast.net\/","title":{"rendered":"Home"},"content":{"rendered":"<h1 style=\"text-align: center;\">LAUBEGAST IN DRESDEN AN DER ELBE<\/h1>\r\n<div class=\"lead\" style=\"text-align: center;\">\u00a0<\/div>\r\n<div class=\"prod\">\r\n<p><a title=\"Niederschlagsradar\" href=\"https:\/\/www.niederschlagsradar.de\/h3.aspx?j=-3&amp;type=loop1stunde&amp;regio=drs&amp;c=1\" target=\"_blank\" rel=\"noopener\"><img decoding=\"async\" class=\"alignleft\" src=\"https:\/\/www.niederschlagsradar.de\/image.ashx?type=regioloop&amp;regio=drs&amp;j=-3&amp;m=&amp;d=&amp;mi=&amp;uhr=&amp;bliksem=0&amp;voor=&amp;srt=loop1stunde\" alt=\"\" width=\"300\" border=\"0\" \/><\/a><\/p>\r\n<p>&nbsp;<\/p>\r\n<p style=\"text-align: left;\">Die gl\u00fccklichsten Dresdner leben in Laubegast!<br \/><a href=\"https:\/\/laubegaster-advent.de\" target=\"_blank\" rel=\"noopener\"><img loading=\"lazy\" decoding=\"async\" class=\"alignright wp-image-100 size-medium\" src=\"https:\/\/laubegast.net\/wp-content\/uploads\/2022\/02\/advent3-300x200.jpg\" alt=\"\" width=\"300\" height=\"200\" srcset=\"https:\/\/laubegast.net\/wp-content\/uploads\/2022\/02\/advent3-300x200.jpg 300w, https:\/\/laubegast.net\/wp-content\/uploads\/2022\/02\/advent3.jpg 540w\" sizes=\"auto, (max-width: 300px) 100vw, 300px\" \/><\/a><br \/>Laubegast liegt am sch\u00f6nsten Ufer der Elbe &#8230;<br \/>Laubegast hat jetzt ein <a href=\"http:\/\/www.hausbrauerei-laubegast.de\/home.htm\" target=\"_blank\" rel=\"noopener\">rotes Festbier<\/a> &#8230;<br \/>Laubegast hat eine <a href=\"https:\/\/kunstmeile-laubegast.de\/\" target=\"_blank\" rel=\"noopener\">&#8222;Kunstmeile&#8220;<\/a> &#8230;<br \/>Laubegast betreibt eine <a href=\"https:\/\/laubegast-online.de\/\" target=\"_blank\" rel=\"noopener\">Online-Seite<\/a><br \/>Laubegast betreut seine G\u00e4ste am freundlichsten &#8230;<br \/>Laubegast feiert die sch\u00f6nsten <a href=\"https:\/\/laubegast.net\/?page_id=153\">Feste an der Elbe<\/a> &#8230;<br \/><br \/>In Laubegast lebt man schon und wohnt nicht mehr &#8230;<\/p>\r\n<\/div>\r\n<p>&nbsp;<\/p>\r\n<p>&nbsp;<\/p>\r\n<div class=\"prod\">\r\n<p style=\"text-align: center;\"><strong>Laubegast ist einfach klasse!!!<\/strong><\/p>\r\n<p style=\"text-align: center;\">Mein Laubegast<br \/>Text: Max Bewer (um 1900) \u2013 Melodie: Otto Schmidt (1904)<br \/><br \/>Ich wei\u00df ein D\u00f6rfchen, klein und fein, gleich an der Elbe Strand<br \/>Voll Vogelsang und Sonnenschein, ein wahres Blumenland<br \/>Wo stolze Schiffe stromw\u00e4rts ziehn im Flutensilberstaub<br \/>Durch H\u00f6hen voller Waldesgr\u00fcn und Obst und Rebenlaub<br \/><br \/>Nach Laubegast, nach Laubegast zieh, wenn du Lust am Wandern hast<br \/>Nach Laubegast, nach Laubegast zieh, wenn du Lust am Wandern hast<br \/><br \/>Wenn nach des Tages Last und M\u00fch du Ruhe suchst und Rast<br \/>Dann zaudre nicht, mein Freund, und zieh vergn\u00fcgt nach<br \/>Laubegast Da wird die Seele in der Brust dir wieder leicht und frei<br \/>Da singt der Wandrer voller Lust und du singst auch dabei<br \/><br \/>Oh Laubegast, oh, Laubegast, wie du mein Herz bezaubert hast<br \/>Oh Laubegast, oh, Laubegast, wie du mein Herz bezaubert hast<br \/><br \/>Die sch\u00f6nsten Rosen bl\u00fchen hier in G\u00e4rten weit und breit<br \/>Wo zu des Landes Ruhm und Zier die G\u00e4rtnerkunst gedeiht<br \/>Durch go\u00dfe St\u00e4dte zieht der Ru\u00df und Rauch von fr\u00fch bis sp\u00e4t<br \/>Oh welch ein w\u00fcrziger Genuss hier aus den Fluren weht<br \/><br \/>Mein Laubegast, mein Laubegast, wie lieblich du geschm\u00fcckt dich hast<br \/>Mein Laubegast, mein Laubegast, wie lieblich du geschm\u00fcckt dich hast<br \/><br \/>Gott, segne dich, du liebes Nest, noch viele hundert Jahr<br \/>Weil es in dir sich leben l\u00e4sst so traut und wunderbar<br \/>Und bist du klug, oh Wandersmann, so ziehst du gar nicht fort<br \/>Weil man so leicht nicht finden kann noch einen sch\u00f6nern Ort<br \/><br \/>Oh, bleib, oh bleib in Laubegast, wenn du genug vom Wandern hast<br \/>Oh, bleib, oh bleib in Laubegast, wenn du genug vom Wandern hast<\/p>\r\n<p style=\"text-align: center;\">\u00a0<\/p>\r\n<p style=\"text-align: center;\"><a href=\"https:\/\/spotthestation.nasa.gov\/widget\/widget.cfm?country=Germany&amp;region=None&amp;city=Dresden\" target=\"_blank\" rel=\"noopener\">\u00a0<\/a><\/p>\r\n<\/div>\r\n","protected":false},"excerpt":{"rendered":"<p>LAUBEGAST IN DRESDEN AN DER ELBE \u00a0 &nbsp; Die gl\u00fccklichsten Dresdner leben in Laubegast!Laubegast liegt am sch\u00f6nsten Ufer der Elbe &#8230;Laubegast hat jetzt ein rotes Festbier &#8230;Laubegast hat eine &#8222;Kunstmeile&#8220; &#8230;Laubegast betreibt eine Online-SeiteLaubegast betreut seine G\u00e4ste am freundlichsten &#8230;Laubegast feiert die sch\u00f6nsten Feste an der Elbe &#8230; In Laubegast lebt man schon und wohnt&hellip;&nbsp;<\/p>\n","protected":false},"author":1,"featured_media":0,"parent":0,"menu_order":0,"comment_status":"closed","ping_status":"closed","template":"","meta":{"neve_meta_sidebar":"","neve_meta_container":"","neve_meta_enable_content_width":"off","neve_meta_content_width":100,"neve_meta_title_alignment":"","neve_meta_author_avatar":"","neve_post_elements_order":"","neve_meta_disable_header":"","neve_meta_disable_footer":"","neve_meta_disable_title":"","footnotes":""},"class_list":["post-2","page","type-page","status-publish","hentry"],"_links":{"self":[{"href":"https:\/\/laubegast.net\/index.php?rest_route=\/wp\/v2\/pages\/2","targetHints":{"allow":["GET"]}}],"collection":[{"href":"https:\/\/laubegast.net\/index.php?rest_route=\/wp\/v2\/pages"}],"about":[{"href":"https:\/\/laubegast.net\/index.php?rest_route=\/wp\/v2\/types\/page"}],"author":[{"embeddable":true,"href":"https:\/\/laubegast.net\/index.php?rest_route=\/wp\/v2\/users\/1"}],"replies":[{"embeddable":true,"href":"https:\/\/laubegast.net\/index.php?rest_route=%2Fwp%2Fv2%2Fcomments&post=2"}],"version-history":[{"count":26,"href":"https:\/\/laubegast.net\/index.php?rest_route=\/wp\/v2\/pages\/2\/revisions"}],"predecessor-version":[{"id":170,"href":"https:\/\/laubegast.net\/index.php?rest_route=\/wp\/v2\/pages\/2\/revisions\/170"}],"wp:attachment":[{"href":"https:\/\/laubegast.net\/index.php?rest_route=%2Fwp%2Fv2%2Fmedia&parent=2"}],"curies":[{"name":"wp","href":"https:\/\/api.w.org\/{rel}","templated":true}]}}